{"id":121,"date":"2024-12-03T13:10:27","date_gmt":"2024-12-03T12:10:27","guid":{"rendered":"https:\/\/www.inquesta.fr\/?page_id=121"},"modified":"2025-01-21T16:57:41","modified_gmt":"2025-01-21T15:57:41","slug":"charte-de-gestion-des-cookies","status":"publish","type":"page","link":"https:\/\/www.inquesta.fr\/index.php\/charte-de-gestion-des-cookies\/","title":{"rendered":"charte de gestion des cookies"},"content":{"rendered":"\t\t<div data-elementor-type=\"wp-page\" data-elementor-id=\"121\" class=\"elementor elementor-121\">\n\t\t\t\t<div class=\"elementor-element elementor-element-ec7b73e e-flex e-con-boxed e-con e-parent\" data-id=\"ec7b73e\" data-element_type=\"container\" data-e-type=\"container\">\n\t\t\t\t\t<div class=\"e-con-inner\">\n\t\t\t\t<div class=\"elementor-element elementor-element-70dd8e8 elementor-widget elementor-widget-text-editor\" data-id=\"70dd8e8\" data-element_type=\"widget\" data-e-type=\"widget\" data-widget_type=\"text-editor.default\">\n\t\t\t\t<div class=\"elementor-widget-container\">\n\t\t\t\t\t\t\t\t\t<div class=\"elementor-element elementor-element-7948b9a elementor-widget elementor-widget-heading\" data-id=\"7948b9a\" data-element_type=\"widget\" data-widget_type=\"heading.default\"><div class=\"elementor-widget-container\"><h2 class=\"elementor-heading-title elementor-size-default\">Charte de gestion des cookies<\/h2><\/div><\/div><div class=\"elementor-element elementor-element-514f690 elementor-widget elementor-widget-text-editor\" data-id=\"514f690\" data-element_type=\"widget\" data-widget_type=\"text-editor.default\"><div class=\"elementor-widget-container\"><p><strong>PR\u00c9AMBULE<br \/><\/strong>La pr\u00e9sente Charte de gestion des Cookies s\u2019adresse aux utilisateurs du site accessible \u00e0 l\u2019adresse<br \/><a href=\"https:\/\/www.inquesta.fr\/\">https:\/\/www.inquesta.fr\/<\/a>, \u00e0 savoir, toute personne qui acc\u00e8de et navigue sur le Site,<br \/>et notamment les membres inscrits sur le Site ou les internautes visiteurs.<\/p><\/div><\/div><div class=\"elementor-element elementor-element-8fb5480 elementor-widget elementor-widget-text-editor\" data-id=\"8fb5480\" data-element_type=\"widget\" data-widget_type=\"text-editor.default\"><div class=\"elementor-widget-container\"><p><strong>QUI EST RESPONSABLE DE LA COLLECTE DE MES DONN\u00c9ES ?<br \/><\/strong>Le responsable des traitements des donn\u00e9es des utilisateurs collect\u00e9es via le Site est Monsieur Anthony GEUFFRAUD exer\u00e7ant sous le statut de SASU laquelle est situ\u00e9e 13, rue Pierre Gilles de Gennes 69007 Lyon\u00a0<br \/>L\u2019adresse e-mail de contact est la suivante :\u00a0<a href=\"mailto:contact@inquesta.fr\" target=\"_blank\" rel=\"noopener\">contact@inquesta.fr<\/a><\/p><\/div><\/div><div class=\"elementor-element elementor-element-5e3a4ce elementor-widget elementor-widget-text-editor\" data-id=\"5e3a4ce\" data-element_type=\"widget\" data-widget_type=\"text-editor.default\"><div class=\"elementor-widget-container\"><p><strong>QU\u2019EST-CE QU\u2019UN COOKIE ?<br \/><\/strong>Un cookie est un petit fichier texte d\u00e9pos\u00e9 sur le disque dur de votre terminal lors de votre visite sur un<br \/>site internet ou une application mobile. Il enregistre certaines informations sur votre navigation ou sur<br \/>votre comportement en ligne qui nous permettent d\u2019am\u00e9liorer et de faciliter votre exp\u00e9rience en qualit\u00e9<br \/>d\u2019internaute. Pour les besoins de la pr\u00e9sente Charte, le terme cookie inclus toute autre technologie<br \/>similaire permettant de recueillir ces informations.<\/p><\/div><\/div><div class=\"elementor-element elementor-element-0dfcdba elementor-widget elementor-widget-text-editor\" data-id=\"0dfcdba\" data-element_type=\"widget\" data-widget_type=\"text-editor.default\"><div class=\"elementor-widget-container\"><p><strong>\u00c0 QUOI SERVENT LES COOKIES ?<br \/><\/strong>Le Site utilise des cookies afin de diff\u00e9rencier les internautes pour am\u00e9liorer leur navigation et les<br \/>services qui leur sont propos\u00e9s. En pratique, les cookies permettent ainsi de vous authentifier et de<br \/>vous identifier, ils peuvent, le cas \u00e9ch\u00e9ant, enregistrer vos pr\u00e9f\u00e9rences ou mesurer les diff\u00e9rents usages<br \/>du Site.<\/p><\/div><\/div><div class=\"elementor-element elementor-element-bf61527 elementor-widget elementor-widget-text-editor\" data-id=\"bf61527\" data-element_type=\"widget\" data-widget_type=\"text-editor.default\"><div class=\"elementor-widget-container\"><p><strong>A QUELLES INFORMATIONS LES COOKIES DONNENT-ILS ACCES\u00a0?<br \/><\/strong>Les cookies d\u00e9pos\u00e9s sur votre terminal nous donnent acc\u00e8s aux informations suivantes\u00a0:<br \/>\u2013 Identifiants du terminal que vous utilisez pour votre connecter \u00e0 notre Site, tels que\u00a0: adresse IP de<br \/>votre ordinateur, identifiant Android, identifiant Apple ou autre,<br \/>\u2013 Type de syst\u00e8me d\u2019exploitation utilis\u00e9 par votre terminal (Microsoft Windows, Android, iOS,<br \/>Apple Os, Linux ou autre),<br \/>\u2013 Type et version du logiciel de navigation utilis\u00e9 par votre terminal (Microsoft Internet Explorer,<br \/>Google Chrome, Apple Safari, Mozilla Firefox ou autre),<br \/>\u2013 Dates et heures de connexion \u00e0 notre Site,<br \/>\u2013 Donn\u00e9es de navigation, telles que les pages consult\u00e9es.<\/p><\/div><\/div><div class=\"elementor-element elementor-element-ea0eeb6 elementor-widget elementor-widget-text-editor\" data-id=\"ea0eeb6\" data-element_type=\"widget\" data-widget_type=\"text-editor.default\"><div class=\"elementor-widget-container\"><p><strong>QUELS SONT LES COOKIES QUE NOUS UTILISONS\u00a0?<br \/><\/strong>Cookies strictement n\u00e9cessaires (obligatoires) : pour permettre les fonctionnalit\u00e9s de base<br \/>du Site.<br \/>Ces cookies ne sont pas soumis \u00e0 votre consentement car ils sont n\u00e9cessaires pour permettre les<br \/>fonctionnalit\u00e9s de base du Site. Sans ces cookies, le Site ne peut pas fonctionner correctement. Ils<br \/>aident \u00e0 rendre un site internet utilisable en activant les fonctionnalit\u00e9s de base. D\u00e9sactiver ces cookies<br \/>emp\u00eache toute navigation sur le Site.<br \/>Ces cookies sont les cookies WORDPRESS suivants\u00a0:<\/p><ol><li><b>wordpress_logged_in_6bb161e341367f13b39dd200f14638c4<\/b>\u00a0<\/li><li><b>wordpress_sec_6bb161e341367f13b39dd200f14638c4<\/b>\u00a0<\/li><li><b>wordpress_test_cookie<\/b>\u00a0: WP Cookie check<\/li><li><b>wp-settings-1<\/b>\u00a0<\/li><li><b>wp-settings-time-1<\/b>\u00a0<\/li><\/ol><p>La politique de confidentialit\u00e9 de WordPress est accessible ici\u00a0: https:\/\/fr.wordpress.org\/about\/privacy\/<\/p><\/div><\/div><div class=\"elementor-element elementor-element-d7e0359 elementor-widget elementor-widget-text-editor\" data-id=\"d7e0359\" data-element_type=\"widget\" data-widget_type=\"text-editor.default\"><div class=\"elementor-widget-container\"><p><strong>INSTALLER CES COOKIES : C\u2019EST VOTRE CHOIX<br \/><\/strong>Vous avez la possibilit\u00e9 de configurer votre logiciel de navigation pour :<br \/>\u2013 Accepter ou refuser les cookies se trouvant sur le Site<br \/>\u2013 Refuser syst\u00e9matiquement tous les cookies<br \/>\u2013 Demander votre consentement sur chacun des cookies que vous rencontrez lors de votre<br \/>navigation sur internet.<br \/>Pour ce faire, il vous suffit de vous reporter \u00e0 vos logiciels de navigation et de suivre leurs<br \/>instructions. \u00c0 titre d\u2019exemple :<br \/>\u2013 Edge : https:\/\/support.microsoft.com\/fr-fr\/microsoft-edge\/supprimer-les-cookies-dans-microsoft-<br \/>edge-63947406-40ac-c3b8-57b9-2a946a29ae09<br \/>\u2013 Safari:\u00a0https:\/\/support.apple.com\/safari<br \/>\u2013 Chrome:\u00a0http:\/\/support.google.com\/chrome\/bin\/answer.py?hl=fr&amp;amp;hlrm=en&amp;amp;answer=95647<br \/>\u2013 Firefox:\u00a0https:\/\/support.mozilla.org\/fr\/kb\/activer-desactiver-cookies<br \/>\u2013 Opera:\u00a0http:\/\/help.opera.com\/Windows\/10.20\/fr\/cookies.html<br \/>Vos choix seront alors appliqu\u00e9s \u00e0 toute navigation sur Internet depuis votre terminal et pas seulement<br \/>sur notre Site.<br \/><em>Comme indiqu\u00e9 pr\u00e9c\u00e9demment, en choisissant de bloquer nos cookies, nous tenons \u00e0 vous informer<\/em><br \/><em>que la navigation sur le Site et\/ou l\u2019utilisation de certaines fonctionnalit\u00e9s pourraient \u00eatre alt\u00e9r\u00e9es,<\/em><br \/><em>voire impossibles \u00e0 utiliser.<\/em><\/p><\/div><\/div><div class=\"elementor-element elementor-element-fcdfaa3 elementor-widget elementor-widget-text-editor\" data-id=\"fcdfaa3\" data-element_type=\"widget\" data-widget_type=\"text-editor.default\"><div class=\"elementor-widget-container\"><p><strong>VOS DROITS<br \/><\/strong>En application du RGPD et des articles 38 \u00e0 40 de la loi n\u00b078-17 du 6 janvier 1978, modifi\u00e9e, relative<br \/>\u00e0 l\u2019informatique, aux fichiers et aux libert\u00e9s, vous \u00eates inform\u00e9 que, lorsque les donn\u00e9es collect\u00e9es<br \/>constituent des donn\u00e9es personnelles, vous disposez d\u2019un droit d\u2019acc\u00e8s, de rectification, de limitation,<br \/>d\u2019opposition, d\u2019effacement et de portabilit\u00e9 des donn\u00e9es qui vous concernent. Vous disposez<br \/>\u00e9galement du droit de formuler des directives g\u00e9n\u00e9rales ou particuli\u00e8res relatives \u00e0 la conservation, \u00e0<br \/>l\u2019effacement et \u00e0 la communication de vos donn\u00e9es \u00e0 caract\u00e8re personnel apr\u00e8s votre d\u00e9c\u00e8s<br \/>conform\u00e9ment \u00e0 l\u2019article 40 II de la loi 78-17 du 6 janvier 1978. Pour plus d\u2019informations, vous<br \/>pouvez consulter la Politique de confidentialit\u00e9 accessible sur le Site.<br \/>A cet effet, vous pourrez en outre adresser toute demande accompagn\u00e9e d\u2019une copie d\u2019une pi\u00e8ce<br \/>d\u2019identit\u00e9 par courrier au si\u00e8ge social d&#8217;Anthony GEUFFRAUD ou par e-mail.<br \/>En outre, si votre navigateur internet le permet, vous pouvez \u00e0 tout moment d\u00e9sactiver ces cookies en<br \/>vous r\u00e9f\u00e9rant aux proc\u00e9dures d\u00e9taill\u00e9es ci-avant.<\/p><\/div><\/div><div class=\"elementor-element elementor-element-7720a7e elementor-widget elementor-widget-text-editor\" data-id=\"7720a7e\" data-element_type=\"widget\" data-widget_type=\"text-editor.default\"><div class=\"elementor-widget-container\"><p><strong>PARTAGE DE L\u2019UTILISATION DE VOTRE TERMINAL AVEC D\u2019AUTRES PERSONNES<br \/><\/strong>Si votre terminal est utilis\u00e9 par plusieurs personnes et lorsqu\u2019un m\u00eame terminal dispose de plusieurs<br \/>logiciels de navigation, nous ne pouvons pas nous assurer de mani\u00e8re certaine que les services destin\u00e9s<br \/>\u00e0 votre terminal correspondent bien \u00e0 votre propre utilisation de ce terminal et non \u00e0 celle d\u2019un autre<br \/>utilisateur de ce terminal.<br \/>Le partage avec d\u2019autres personnes de l\u2019utilisation de votre terminal et la configuration des param\u00e8tres<br \/>de votre navigateur \u00e0 l\u2019\u00e9gard des cookies, rel\u00e8vent de votre libre choix et de votre responsabilit\u00e9.<\/p><\/div><\/div><div class=\"elementor-element elementor-element-1b9fb58 elementor-widget elementor-widget-text-editor\" data-id=\"1b9fb58\" data-element_type=\"widget\" data-widget_type=\"text-editor.default\"><div class=\"elementor-widget-container\"><p><strong>DUR\u00c9E DE CONSERVATION<br \/><\/strong>Les cookies plac\u00e9s sur votre terminal ne conserveront vos donn\u00e9es que pour la dur\u00e9e n\u00e9cessaire pour<br \/>atteindre leur finalit\u00e9 (ainsi, les cookies d\u2019identification de session ne sont conserv\u00e9s que pour la dur\u00e9e<br \/>d\u2019une session) et au maximum pendant 13 mois.<\/p><\/div><\/div><div class=\"elementor-element elementor-element-832d989 elementor-widget elementor-widget-text-editor\" data-id=\"832d989\" data-element_type=\"widget\" data-widget_type=\"text-editor.default\"><div class=\"elementor-widget-container\"><p><strong>RENSEIGNEMENT COMPL\u00c9MENTAIRE<br \/><\/strong>Pour tout renseignement compl\u00e9mentaire ou pour nous faire part de vos remarques concernant<br \/>l\u2019utilisation des cookies, vous avez la possibilit\u00e9 de nous contacter par courrier au si\u00e8ge social d&#8217;Anthony GEUFFRAUD ou par e-mail.<br \/>Vous pouvez \u00e9galement obtenir des informations compl\u00e9mentaires sur les cookies sur les sites<br \/>suivants\u00a0:<br \/>\u2013\u00a0<a href=\"http:\/\/www.cnil.fr\/\">www.cnil.fr<\/a><br \/>\u2013\u00a0<a href=\"http:\/\/www.youronlinechoices.org\/\">www.youronlinechoices.org<\/a><br \/>\u2013\u00a0<a href=\"http:\/\/www.aboutcookies.org\/\">www.aboutcookies.org<\/a><br \/>\u2013\u00a0<a href=\"http:\/\/www.allaboutcookies.org\/\">www.allaboutcookies.org<\/a><\/p><\/div><\/div>\t\t\t\t\t\t\t\t<\/div>\n\t\t\t\t<\/div>\n\t\t\t\t\t<\/div>\n\t\t\t\t<\/div>\n\t\t\t\t<\/div>\n\t\t","protected":false},"excerpt":{"rendered":"<p>Charte de gestion des cookies PR\u00c9AMBULELa pr\u00e9sente Charte de gestion des Cookies s\u2019adresse aux utilisateurs du site accessible \u00e0 l\u2019adressehttps:\/\/www.inquesta.fr\/, \u00e0 savoir, toute personne qui acc\u00e8de et navigue sur le Site,et notamment les membres inscrits sur le Site ou les internautes visiteurs. QUI EST RESPONSABLE DE LA COLLECTE DE MES DONN\u00c9ES ?Le responsable des traitements&hellip;&nbsp;<a href=\"https:\/\/www.inquesta.fr\/index.php\/charte-de-gestion-des-cookies\/\" rel=\"bookmark\">Read More &raquo;<span class=\"screen-reader-text\">charte de gestion des cookies<\/span><\/a><\/p>\n","protected":false},"author":1,"featured_media":0,"parent":0,"menu_order":0,"comment_status":"closed","ping_status":"closed","template":"page-templates\/template-pagebuilder-full-width.php","meta":{"neve_meta_sidebar":"","neve_meta_container":"","neve_meta_enable_content_width":"","neve_meta_content_width":0,"neve_meta_title_alignment":"","neve_meta_author_avatar":"","neve_post_elements_order":"","neve_meta_disable_header":"","neve_meta_disable_footer":"","neve_meta_disable_title":"","_themeisle_gutenberg_block_has_review":false,"footnotes":""},"class_list":["post-121","page","type-page","status-publish","hentry"],"yoast_head":"<!-- This site is optimized with the Yoast SEO plugin v27.3 - https:\/\/yoast.com\/product\/yoast-seo-wordpress\/ -->\n<title>charte de gestion des cookies - Inquesta<\/title>\n<meta name=\"robots\" content=\"index, follow, max-snippet:-1, max-image-preview:large, max-video-preview:-1\" \/>\n<link rel=\"canonical\" href=\"https:\/\/www.inquesta.fr\/index.php\/charte-de-gestion-des-cookies\/\" \/>\n<meta property=\"og:locale\" content=\"en_US\" \/>\n<meta property=\"og:type\" content=\"article\" \/>\n<meta property=\"og:title\" content=\"charte de gestion des cookies - Inquesta\" \/>\n<meta property=\"og:description\" content=\"Charte de gestion des cookies PR\u00c9AMBULELa pr\u00e9sente Charte de gestion des Cookies s\u2019adresse aux utilisateurs du site accessible \u00e0 l\u2019adressehttps:\/\/www.inquesta.fr\/, \u00e0 savoir, toute personne qui acc\u00e8de et navigue sur le Site,et notamment les membres inscrits sur le Site ou les internautes visiteurs. QUI EST RESPONSABLE DE LA COLLECTE DE MES DONN\u00c9ES ?Le responsable des traitements&hellip;&nbsp;Read More &raquo;charte de gestion des cookies\" \/>\n<meta property=\"og:url\" content=\"https:\/\/www.inquesta.fr\/index.php\/charte-de-gestion-des-cookies\/\" \/>\n<meta property=\"og:site_name\" content=\"Inquesta\" \/>\n<meta property=\"article:modified_time\" content=\"2025-01-21T15:57:41+00:00\" \/>\n<meta name=\"twitter:card\" content=\"summary_large_image\" \/>\n<meta name=\"twitter:label1\" content=\"Est. reading time\" \/>\n\t<meta name=\"twitter:data1\" content=\"10 minutes\" \/>\n<script type=\"application\/ld+json\" class=\"yoast-schema-graph\">{\"@context\":\"https:\\\/\\\/schema.org\",\"@graph\":[{\"@type\":\"WebPage\",\"@id\":\"https:\\\/\\\/www.inquesta.fr\\\/index.php\\\/charte-de-gestion-des-cookies\\\/\",\"url\":\"https:\\\/\\\/www.inquesta.fr\\\/index.php\\\/charte-de-gestion-des-cookies\\\/\",\"name\":\"charte de gestion des cookies - Inquesta\",\"isPartOf\":{\"@id\":\"https:\\\/\\\/www.inquesta.fr\\\/#website\"},\"datePublished\":\"2024-12-03T12:10:27+00:00\",\"dateModified\":\"2025-01-21T15:57:41+00:00\",\"breadcrumb\":{\"@id\":\"https:\\\/\\\/www.inquesta.fr\\\/index.php\\\/charte-de-gestion-des-cookies\\\/#breadcrumb\"},\"inLanguage\":\"en-US\",\"potentialAction\":[{\"@type\":\"ReadAction\",\"target\":[\"https:\\\/\\\/www.inquesta.fr\\\/index.php\\\/charte-de-gestion-des-cookies\\\/\"]}]},{\"@type\":\"BreadcrumbList\",\"@id\":\"https:\\\/\\\/www.inquesta.fr\\\/index.php\\\/charte-de-gestion-des-cookies\\\/#breadcrumb\",\"itemListElement\":[{\"@type\":\"ListItem\",\"position\":1,\"name\":\"Accueil\",\"item\":\"https:\\\/\\\/www.inquesta.fr\\\/\"},{\"@type\":\"ListItem\",\"position\":2,\"name\":\"charte de gestion des cookies\"}]},{\"@type\":\"WebSite\",\"@id\":\"https:\\\/\\\/www.inquesta.fr\\\/#website\",\"url\":\"https:\\\/\\\/www.inquesta.fr\\\/\",\"name\":\"Inquesta\",\"description\":\"Expertise en investigation num\u00e9rique l\u00e9gale\",\"publisher\":{\"@id\":\"https:\\\/\\\/www.inquesta.fr\\\/#organization\"},\"potentialAction\":[{\"@type\":\"SearchAction\",\"target\":{\"@type\":\"EntryPoint\",\"urlTemplate\":\"https:\\\/\\\/www.inquesta.fr\\\/?s={search_term_string}\"},\"query-input\":{\"@type\":\"PropertyValueSpecification\",\"valueRequired\":true,\"valueName\":\"search_term_string\"}}],\"inLanguage\":\"en-US\"},{\"@type\":\"Organization\",\"@id\":\"https:\\\/\\\/www.inquesta.fr\\\/#organization\",\"name\":\"Inquesta\",\"url\":\"https:\\\/\\\/www.inquesta.fr\\\/\",\"logo\":{\"@type\":\"ImageObject\",\"inLanguage\":\"en-US\",\"@id\":\"https:\\\/\\\/www.inquesta.fr\\\/#\\\/schema\\\/logo\\\/image\\\/\",\"url\":\"https:\\\/\\\/www.inquesta.fr\\\/wp-content\\\/uploads\\\/2024\\\/12\\\/Logo-INQUESTA-15.png\",\"contentUrl\":\"https:\\\/\\\/www.inquesta.fr\\\/wp-content\\\/uploads\\\/2024\\\/12\\\/Logo-INQUESTA-15.png\",\"width\":4500,\"height\":4500,\"caption\":\"Inquesta\"},\"image\":{\"@id\":\"https:\\\/\\\/www.inquesta.fr\\\/#\\\/schema\\\/logo\\\/image\\\/\"}}]}<\/script>\n<!-- \/ Yoast SEO plugin. -->","yoast_head_json":{"title":"charte de gestion des cookies - Inquesta","robots":{"index":"index","follow":"follow","max-snippet":"max-snippet:-1","max-image-preview":"max-image-preview:large","max-video-preview":"max-video-preview:-1"},"canonical":"https:\/\/www.inquesta.fr\/index.php\/charte-de-gestion-des-cookies\/","og_locale":"en_US","og_type":"article","og_title":"charte de gestion des cookies - Inquesta","og_description":"Charte de gestion des cookies PR\u00c9AMBULELa pr\u00e9sente Charte de gestion des Cookies s\u2019adresse aux utilisateurs du site accessible \u00e0 l\u2019adressehttps:\/\/www.inquesta.fr\/, \u00e0 savoir, toute personne qui acc\u00e8de et navigue sur le Site,et notamment les membres inscrits sur le Site ou les internautes visiteurs. QUI EST RESPONSABLE DE LA COLLECTE DE MES DONN\u00c9ES ?Le responsable des traitements&hellip;&nbsp;Read More &raquo;charte de gestion des cookies","og_url":"https:\/\/www.inquesta.fr\/index.php\/charte-de-gestion-des-cookies\/","og_site_name":"Inquesta","article_modified_time":"2025-01-21T15:57:41+00:00","twitter_card":"summary_large_image","twitter_misc":{"Est. reading time":"10 minutes"},"schema":{"@context":"https:\/\/schema.org","@graph":[{"@type":"WebPage","@id":"https:\/\/www.inquesta.fr\/index.php\/charte-de-gestion-des-cookies\/","url":"https:\/\/www.inquesta.fr\/index.php\/charte-de-gestion-des-cookies\/","name":"charte de gestion des cookies - Inquesta","isPartOf":{"@id":"https:\/\/www.inquesta.fr\/#website"},"datePublished":"2024-12-03T12:10:27+00:00","dateModified":"2025-01-21T15:57:41+00:00","breadcrumb":{"@id":"https:\/\/www.inquesta.fr\/index.php\/charte-de-gestion-des-cookies\/#breadcrumb"},"inLanguage":"en-US","potentialAction":[{"@type":"ReadAction","target":["https:\/\/www.inquesta.fr\/index.php\/charte-de-gestion-des-cookies\/"]}]},{"@type":"BreadcrumbList","@id":"https:\/\/www.inquesta.fr\/index.php\/charte-de-gestion-des-cookies\/#breadcrumb","itemListElement":[{"@type":"ListItem","position":1,"name":"Accueil","item":"https:\/\/www.inquesta.fr\/"},{"@type":"ListItem","position":2,"name":"charte de gestion des cookies"}]},{"@type":"WebSite","@id":"https:\/\/www.inquesta.fr\/#website","url":"https:\/\/www.inquesta.fr\/","name":"Inquesta","description":"Expertise en investigation num\u00e9rique l\u00e9gale","publisher":{"@id":"https:\/\/www.inquesta.fr\/#organization"},"potentialAction":[{"@type":"SearchAction","target":{"@type":"EntryPoint","urlTemplate":"https:\/\/www.inquesta.fr\/?s={search_term_string}"},"query-input":{"@type":"PropertyValueSpecification","valueRequired":true,"valueName":"search_term_string"}}],"inLanguage":"en-US"},{"@type":"Organization","@id":"https:\/\/www.inquesta.fr\/#organization","name":"Inquesta","url":"https:\/\/www.inquesta.fr\/","logo":{"@type":"ImageObject","inLanguage":"en-US","@id":"https:\/\/www.inquesta.fr\/#\/schema\/logo\/image\/","url":"https:\/\/www.inquesta.fr\/wp-content\/uploads\/2024\/12\/Logo-INQUESTA-15.png","contentUrl":"https:\/\/www.inquesta.fr\/wp-content\/uploads\/2024\/12\/Logo-INQUESTA-15.png","width":4500,"height":4500,"caption":"Inquesta"},"image":{"@id":"https:\/\/www.inquesta.fr\/#\/schema\/logo\/image\/"}}]}},"_links":{"self":[{"href":"https:\/\/www.inquesta.fr\/index.php\/wp-json\/wp\/v2\/pages\/121","targetHints":{"allow":["GET"]}}],"collection":[{"href":"https:\/\/www.inquesta.fr\/index.php\/wp-json\/wp\/v2\/pages"}],"about":[{"href":"https:\/\/www.inquesta.fr\/index.php\/wp-json\/wp\/v2\/types\/page"}],"author":[{"embeddable":true,"href":"https:\/\/www.inquesta.fr\/index.php\/wp-json\/wp\/v2\/users\/1"}],"replies":[{"embeddable":true,"href":"https:\/\/www.inquesta.fr\/index.php\/wp-json\/wp\/v2\/comments?post=121"}],"version-history":[{"count":13,"href":"https:\/\/www.inquesta.fr\/index.php\/wp-json\/wp\/v2\/pages\/121\/revisions"}],"predecessor-version":[{"id":247,"href":"https:\/\/www.inquesta.fr\/index.php\/wp-json\/wp\/v2\/pages\/121\/revisions\/247"}],"wp:attachment":[{"href":"https:\/\/www.inquesta.fr\/index.php\/wp-json\/wp\/v2\/media?parent=121"}],"curies":[{"name":"wp","href":"https:\/\/api.w.org\/{rel}","templated":true}]}}